{"id":9431,"date":"2025-02-18T17:21:17","date_gmt":"2025-02-18T17:21:17","guid":{"rendered":"https:\/\/aica.com\/cirujanos-de-hombro\/"},"modified":"2026-03-05T10:41:28","modified_gmt":"2026-03-05T10:41:28","slug":"cirujanos-de-hombro","status":"publish","type":"page","link":"https:\/\/aica.com\/es\/cirujanos-ortopedicos\/cirujanos-de-hombro\/","title":{"rendered":"Cirujanos de hombro"},"content":{"rendered":"","protected":false},"excerpt":{"rendered":"","protected":false},"author":28,"featured_media":9066,"parent":9434,"menu_order":99,"comment_status":"closed","ping_status":"closed","template":"templates\/flexible-sections.php","meta":{"_acf_changed":false,"inline_featured_image":false,"footnotes":""},"class_list":["post-9431","page","type-page","status-publish","has-post-thumbnail","hentry"],"acf":[],"yoast_head":"<!-- This site is optimized with the Yoast SEO plugin v27.4 - https:\/\/yoast.com\/product\/yoast-seo-wordpress\/ -->\n<title>Atlanta Cirujanos de Hombro Cerca de M\u00ed | AICA<\/title>\n<meta name=\"description\" content=\"Los cirujanos expertos en hombro de AICA Ortopedia proporcionan una atenci\u00f3n de primera para las lesiones y afecciones de hombro. Conf\u00eda en nuestros especialistas para un tratamiento eficaz.\" \/>\n<meta name=\"robots\" content=\"index, follow, max-snippet:-1, max-image-preview:large, max-video-preview:-1\" \/>\n<link rel=\"canonical\" href=\"https:\/\/aica.com\/es\/cirujanos-ortopedicos\/cirujanos-de-hombro\/\" \/>\n<meta property=\"og:locale\" content=\"es_ES\" \/>\n<meta property=\"og:type\" content=\"article\" \/>\n<meta property=\"og:title\" content=\"Atlanta Cirujanos de Hombro Cerca de M\u00ed | AICA\" \/>\n<meta property=\"og:description\" content=\"Los cirujanos expertos en hombro de AICA Ortopedia proporcionan una atenci\u00f3n de primera para las lesiones y afecciones de hombro. Conf\u00eda en nuestros especialistas para un tratamiento eficaz.\" \/>\n<meta property=\"og:url\" content=\"https:\/\/aica.com\/es\/cirujanos-ortopedicos\/cirujanos-de-hombro\/\" \/>\n<meta property=\"og:site_name\" content=\"AICA Orthopedics\" \/>\n<meta property=\"article:modified_time\" content=\"2026-03-05T10:41:28+00:00\" \/>\n<meta property=\"og:image\" content=\"https:\/\/aica.com\/wp-content\/uploads\/2025\/03\/shutterstock_368021759-e1741281910914.jpg\" \/>\n\t<meta property=\"og:image:width\" content=\"1000\" \/>\n\t<meta property=\"og:image:height\" content=\"667\" \/>\n\t<meta property=\"og:image:type\" content=\"image\/jpeg\" \/>\n<meta name=\"twitter:card\" content=\"summary_large_image\" \/>\n<script type=\"application\/ld+json\" class=\"yoast-schema-graph\">{\"@context\":\"https:\\\/\\\/schema.org\",\"@graph\":[{\"@type\":\"WebPage\",\"@id\":\"https:\\\/\\\/aica.com\\\/es\\\/cirujanos-ortopedicos\\\/cirujanos-de-hombro\\\/\",\"url\":\"https:\\\/\\\/aica.com\\\/es\\\/cirujanos-ortopedicos\\\/cirujanos-de-hombro\\\/\",\"name\":\"Atlanta Cirujanos de Hombro Cerca de M\u00ed | AICA\",\"isPartOf\":{\"@id\":\"https:\\\/\\\/aica.com\\\/es\\\/#website\"},\"primaryImageOfPage\":{\"@id\":\"https:\\\/\\\/aica.com\\\/es\\\/cirujanos-ortopedicos\\\/cirujanos-de-hombro\\\/#primaryimage\"},\"image\":{\"@id\":\"https:\\\/\\\/aica.com\\\/es\\\/cirujanos-ortopedicos\\\/cirujanos-de-hombro\\\/#primaryimage\"},\"thumbnailUrl\":\"https:\\\/\\\/aica.com\\\/wp-content\\\/uploads\\\/2025\\\/03\\\/shutterstock_368021759-e1741281910914.jpg\",\"datePublished\":\"2025-02-18T17:21:17+00:00\",\"dateModified\":\"2026-03-05T10:41:28+00:00\",\"description\":\"Los cirujanos expertos en hombro de AICA Ortopedia proporcionan una atenci\u00f3n de primera para las lesiones y afecciones de hombro. Conf\u00eda en nuestros especialistas para un tratamiento eficaz.\",\"breadcrumb\":{\"@id\":\"https:\\\/\\\/aica.com\\\/es\\\/cirujanos-ortopedicos\\\/cirujanos-de-hombro\\\/#breadcrumb\"},\"inLanguage\":\"es\",\"potentialAction\":[{\"@type\":\"ReadAction\",\"target\":[\"https:\\\/\\\/aica.com\\\/es\\\/cirujanos-ortopedicos\\\/cirujanos-de-hombro\\\/\"]}]},{\"@type\":\"ImageObject\",\"inLanguage\":\"es\",\"@id\":\"https:\\\/\\\/aica.com\\\/es\\\/cirujanos-ortopedicos\\\/cirujanos-de-hombro\\\/#primaryimage\",\"url\":\"https:\\\/\\\/aica.com\\\/wp-content\\\/uploads\\\/2025\\\/03\\\/shutterstock_368021759-e1741281910914.jpg\",\"contentUrl\":\"https:\\\/\\\/aica.com\\\/wp-content\\\/uploads\\\/2025\\\/03\\\/shutterstock_368021759-e1741281910914.jpg\",\"width\":1000,\"height\":667},{\"@type\":\"BreadcrumbList\",\"@id\":\"https:\\\/\\\/aica.com\\\/es\\\/cirujanos-ortopedicos\\\/cirujanos-de-hombro\\\/#breadcrumb\",\"itemListElement\":[{\"@type\":\"ListItem\",\"position\":1,\"name\":\"Inicio\",\"item\":\"https:\\\/\\\/aica.com\\\/es\\\/homepage\\\/\"},{\"@type\":\"ListItem\",\"position\":2,\"name\":\"Cirujanos ortop\u00e9dicos\",\"item\":\"https:\\\/\\\/aica.com\\\/es\\\/cirujanos-ortopedicos\\\/\"},{\"@type\":\"ListItem\",\"position\":3,\"name\":\"Cirujanos de hombro\"}]},{\"@type\":\"WebSite\",\"@id\":\"https:\\\/\\\/aica.com\\\/es\\\/#website\",\"url\":\"https:\\\/\\\/aica.com\\\/es\\\/\",\"name\":\"AICA Orthopedics\",\"description\":\"\",\"potentialAction\":[{\"@type\":\"SearchAction\",\"target\":{\"@type\":\"EntryPoint\",\"urlTemplate\":\"https:\\\/\\\/aica.com\\\/es\\\/?s={search_term_string}\"},\"query-input\":{\"@type\":\"PropertyValueSpecification\",\"valueRequired\":true,\"valueName\":\"search_term_string\"}}],\"inLanguage\":\"es\"}]}<\/script>\n<!-- \/ Yoast SEO plugin. -->","yoast_head_json":{"title":"Atlanta Cirujanos de Hombro Cerca de M\u00ed | AICA","description":"Los cirujanos expertos en hombro de AICA Ortopedia proporcionan una atenci\u00f3n de primera para las lesiones y afecciones de hombro. Conf\u00eda en nuestros especialistas para un tratamiento eficaz.","robots":{"index":"index","follow":"follow","max-snippet":"max-snippet:-1","max-image-preview":"max-image-preview:large","max-video-preview":"max-video-preview:-1"},"canonical":"https:\/\/aica.com\/es\/cirujanos-ortopedicos\/cirujanos-de-hombro\/","og_locale":"es_ES","og_type":"article","og_title":"Atlanta Cirujanos de Hombro Cerca de M\u00ed | AICA","og_description":"Los cirujanos expertos en hombro de AICA Ortopedia proporcionan una atenci\u00f3n de primera para las lesiones y afecciones de hombro. Conf\u00eda en nuestros especialistas para un tratamiento eficaz.","og_url":"https:\/\/aica.com\/es\/cirujanos-ortopedicos\/cirujanos-de-hombro\/","og_site_name":"AICA Orthopedics","article_modified_time":"2026-03-05T10:41:28+00:00","og_image":[{"width":1000,"height":667,"url":"https:\/\/aica.com\/wp-content\/uploads\/2025\/03\/shutterstock_368021759-e1741281910914.jpg","type":"image\/jpeg"}],"twitter_card":"summary_large_image","schema":{"@context":"https:\/\/schema.org","@graph":[{"@type":"WebPage","@id":"https:\/\/aica.com\/es\/cirujanos-ortopedicos\/cirujanos-de-hombro\/","url":"https:\/\/aica.com\/es\/cirujanos-ortopedicos\/cirujanos-de-hombro\/","name":"Atlanta Cirujanos de Hombro Cerca de M\u00ed | AICA","isPartOf":{"@id":"https:\/\/aica.com\/es\/#website"},"primaryImageOfPage":{"@id":"https:\/\/aica.com\/es\/cirujanos-ortopedicos\/cirujanos-de-hombro\/#primaryimage"},"image":{"@id":"https:\/\/aica.com\/es\/cirujanos-ortopedicos\/cirujanos-de-hombro\/#primaryimage"},"thumbnailUrl":"https:\/\/aica.com\/wp-content\/uploads\/2025\/03\/shutterstock_368021759-e1741281910914.jpg","datePublished":"2025-02-18T17:21:17+00:00","dateModified":"2026-03-05T10:41:28+00:00","description":"Los cirujanos expertos en hombro de AICA Ortopedia proporcionan una atenci\u00f3n de primera para las lesiones y afecciones de hombro. Conf\u00eda en nuestros especialistas para un tratamiento eficaz.","breadcrumb":{"@id":"https:\/\/aica.com\/es\/cirujanos-ortopedicos\/cirujanos-de-hombro\/#breadcrumb"},"inLanguage":"es","potentialAction":[{"@type":"ReadAction","target":["https:\/\/aica.com\/es\/cirujanos-ortopedicos\/cirujanos-de-hombro\/"]}]},{"@type":"ImageObject","inLanguage":"es","@id":"https:\/\/aica.com\/es\/cirujanos-ortopedicos\/cirujanos-de-hombro\/#primaryimage","url":"https:\/\/aica.com\/wp-content\/uploads\/2025\/03\/shutterstock_368021759-e1741281910914.jpg","contentUrl":"https:\/\/aica.com\/wp-content\/uploads\/2025\/03\/shutterstock_368021759-e1741281910914.jpg","width":1000,"height":667},{"@type":"BreadcrumbList","@id":"https:\/\/aica.com\/es\/cirujanos-ortopedicos\/cirujanos-de-hombro\/#breadcrumb","itemListElement":[{"@type":"ListItem","position":1,"name":"Inicio","item":"https:\/\/aica.com\/es\/homepage\/"},{"@type":"ListItem","position":2,"name":"Cirujanos ortop\u00e9dicos","item":"https:\/\/aica.com\/es\/cirujanos-ortopedicos\/"},{"@type":"ListItem","position":3,"name":"Cirujanos de hombro"}]},{"@type":"WebSite","@id":"https:\/\/aica.com\/es\/#website","url":"https:\/\/aica.com\/es\/","name":"AICA Orthopedics","description":"","potentialAction":[{"@type":"SearchAction","target":{"@type":"EntryPoint","urlTemplate":"https:\/\/aica.com\/es\/?s={search_term_string}"},"query-input":{"@type":"PropertyValueSpecification","valueRequired":true,"valueName":"search_term_string"}}],"inLanguage":"es"}]}},"_links":{"self":[{"href":"https:\/\/aica.com\/es\/wp-json\/wp\/v2\/pages\/9431","targetHints":{"allow":["GET"]}}],"collection":[{"href":"https:\/\/aica.com\/es\/wp-json\/wp\/v2\/pages"}],"about":[{"href":"https:\/\/aica.com\/es\/wp-json\/wp\/v2\/types\/page"}],"author":[{"embeddable":true,"href":"https:\/\/aica.com\/es\/wp-json\/wp\/v2\/users\/28"}],"replies":[{"embeddable":true,"href":"https:\/\/aica.com\/es\/wp-json\/wp\/v2\/comments?post=9431"}],"version-history":[{"count":1,"href":"https:\/\/aica.com\/es\/wp-json\/wp\/v2\/pages\/9431\/revisions"}],"predecessor-version":[{"id":14285,"href":"https:\/\/aica.com\/es\/wp-json\/wp\/v2\/pages\/9431\/revisions\/14285"}],"up":[{"embeddable":true,"href":"https:\/\/aica.com\/es\/wp-json\/wp\/v2\/pages\/9434"}],"wp:featuredmedia":[{"embeddable":true,"href":"https:\/\/aica.com\/es\/wp-json\/wp\/v2\/media\/9066"}],"wp:attachment":[{"href":"https:\/\/aica.com\/es\/wp-json\/wp\/v2\/media?parent=9431"}],"curies":[{"name":"wp","href":"https:\/\/api.w.org\/{rel}","templated":true}]}}