{"id":9422,"date":"2023-08-08T12:18:14","date_gmt":"2023-08-08T12:18:14","guid":{"rendered":"https:\/\/aica.com\/medicos-de-accidentes-de-trabajo\/"},"modified":"2025-07-07T16:39:22","modified_gmt":"2025-07-07T16:39:22","slug":"medicos-de-accidentes-de-trabajo","status":"publish","type":"page","link":"https:\/\/aica.com\/es\/medicos-de-accidentes-de-trabajo\/","title":{"rendered":"M\u00e9dicos de accidentes de trabajo"},"content":{"rendered":"","protected":false},"excerpt":{"rendered":"","protected":false},"author":20,"featured_media":0,"parent":0,"menu_order":52,"comment_status":"closed","ping_status":"closed","template":"templates\/flexible-sections.php","meta":{"_acf_changed":false,"inline_featured_image":false,"footnotes":""},"class_list":["post-9422","page","type-page","status-publish","hentry"],"acf":[],"yoast_head":"<!-- This site is optimized with the Yoast SEO plugin v27.4 - https:\/\/yoast.com\/product\/yoast-seo-wordpress\/ -->\n<title>M\u00e9dicos especialistas en indemnizaci\u00f3n por accidente laboral en Atlanta | AICA Orthopedics<\/title>\n<meta name=\"description\" content=\"\u00a1Haz clic para conocer y saber m\u00e1s sobre algunos de nuestros M\u00e9dicos de Indemnizaci\u00f3n por Accidentes de Trabajo en Atlanta! Estamos orgullosos de ofrecerte la mejor atenci\u00f3n m\u00e9dica en Atlanta.\" \/>\n<meta name=\"robots\" content=\"index, follow, max-snippet:-1, max-image-preview:large, max-video-preview:-1\" \/>\n<link rel=\"canonical\" href=\"https:\/\/aica.com\/es\/medicos-de-accidentes-de-trabajo\/\" \/>\n<meta property=\"og:locale\" content=\"es_ES\" \/>\n<meta property=\"og:type\" content=\"article\" \/>\n<meta property=\"og:title\" content=\"M\u00e9dicos especialistas en indemnizaci\u00f3n por accidente laboral en Atlanta | AICA Orthopedics\" \/>\n<meta property=\"og:description\" content=\"\u00a1Haz clic para conocer y saber m\u00e1s sobre algunos de nuestros M\u00e9dicos de Indemnizaci\u00f3n por Accidentes de Trabajo en Atlanta! Estamos orgullosos de ofrecerte la mejor atenci\u00f3n m\u00e9dica en Atlanta.\" \/>\n<meta property=\"og:url\" content=\"https:\/\/aica.com\/es\/medicos-de-accidentes-de-trabajo\/\" \/>\n<meta property=\"og:site_name\" content=\"AICA Orthopedics\" \/>\n<meta property=\"article:modified_time\" content=\"2025-07-07T16:39:22+00:00\" \/>\n<meta name=\"twitter:card\" content=\"summary_large_image\" \/>\n<script type=\"application\/ld+json\" class=\"yoast-schema-graph\">{\"@context\":\"https:\\\/\\\/schema.org\",\"@graph\":[{\"@type\":\"WebPage\",\"@id\":\"https:\\\/\\\/aica.com\\\/es\\\/medicos-de-accidentes-de-trabajo\\\/\",\"url\":\"https:\\\/\\\/aica.com\\\/es\\\/medicos-de-accidentes-de-trabajo\\\/\",\"name\":\"M\u00e9dicos especialistas en indemnizaci\u00f3n por accidente laboral en Atlanta | AICA Orthopedics\",\"isPartOf\":{\"@id\":\"https:\\\/\\\/aica.com\\\/es\\\/#website\"},\"datePublished\":\"2023-08-08T12:18:14+00:00\",\"dateModified\":\"2025-07-07T16:39:22+00:00\",\"description\":\"\u00a1Haz clic para conocer y saber m\u00e1s sobre algunos de nuestros M\u00e9dicos de Indemnizaci\u00f3n por Accidentes de Trabajo en Atlanta! Estamos orgullosos de ofrecerte la mejor atenci\u00f3n m\u00e9dica en Atlanta.\",\"breadcrumb\":{\"@id\":\"https:\\\/\\\/aica.com\\\/es\\\/medicos-de-accidentes-de-trabajo\\\/#breadcrumb\"},\"inLanguage\":\"es\",\"potentialAction\":[{\"@type\":\"ReadAction\",\"target\":[\"https:\\\/\\\/aica.com\\\/es\\\/medicos-de-accidentes-de-trabajo\\\/\"]}]},{\"@type\":\"BreadcrumbList\",\"@id\":\"https:\\\/\\\/aica.com\\\/es\\\/medicos-de-accidentes-de-trabajo\\\/#breadcrumb\",\"itemListElement\":[{\"@type\":\"ListItem\",\"position\":1,\"name\":\"Inicio\",\"item\":\"https:\\\/\\\/aica.com\\\/es\\\/homepage\\\/\"},{\"@type\":\"ListItem\",\"position\":2,\"name\":\"M\u00e9dicos de accidentes de trabajo\"}]},{\"@type\":\"WebSite\",\"@id\":\"https:\\\/\\\/aica.com\\\/es\\\/#website\",\"url\":\"https:\\\/\\\/aica.com\\\/es\\\/\",\"name\":\"AICA Orthopedics\",\"description\":\"\",\"potentialAction\":[{\"@type\":\"SearchAction\",\"target\":{\"@type\":\"EntryPoint\",\"urlTemplate\":\"https:\\\/\\\/aica.com\\\/es\\\/?s={search_term_string}\"},\"query-input\":{\"@type\":\"PropertyValueSpecification\",\"valueRequired\":true,\"valueName\":\"search_term_string\"}}],\"inLanguage\":\"es\"}]}<\/script>\n<!-- \/ Yoast SEO plugin. -->","yoast_head_json":{"title":"M\u00e9dicos especialistas en indemnizaci\u00f3n por accidente laboral en Atlanta | AICA Orthopedics","description":"\u00a1Haz clic para conocer y saber m\u00e1s sobre algunos de nuestros M\u00e9dicos de Indemnizaci\u00f3n por Accidentes de Trabajo en Atlanta! Estamos orgullosos de ofrecerte la mejor atenci\u00f3n m\u00e9dica en Atlanta.","robots":{"index":"index","follow":"follow","max-snippet":"max-snippet:-1","max-image-preview":"max-image-preview:large","max-video-preview":"max-video-preview:-1"},"canonical":"https:\/\/aica.com\/es\/medicos-de-accidentes-de-trabajo\/","og_locale":"es_ES","og_type":"article","og_title":"M\u00e9dicos especialistas en indemnizaci\u00f3n por accidente laboral en Atlanta | AICA Orthopedics","og_description":"\u00a1Haz clic para conocer y saber m\u00e1s sobre algunos de nuestros M\u00e9dicos de Indemnizaci\u00f3n por Accidentes de Trabajo en Atlanta! Estamos orgullosos de ofrecerte la mejor atenci\u00f3n m\u00e9dica en Atlanta.","og_url":"https:\/\/aica.com\/es\/medicos-de-accidentes-de-trabajo\/","og_site_name":"AICA Orthopedics","article_modified_time":"2025-07-07T16:39:22+00:00","twitter_card":"summary_large_image","schema":{"@context":"https:\/\/schema.org","@graph":[{"@type":"WebPage","@id":"https:\/\/aica.com\/es\/medicos-de-accidentes-de-trabajo\/","url":"https:\/\/aica.com\/es\/medicos-de-accidentes-de-trabajo\/","name":"M\u00e9dicos especialistas en indemnizaci\u00f3n por accidente laboral en Atlanta | AICA Orthopedics","isPartOf":{"@id":"https:\/\/aica.com\/es\/#website"},"datePublished":"2023-08-08T12:18:14+00:00","dateModified":"2025-07-07T16:39:22+00:00","description":"\u00a1Haz clic para conocer y saber m\u00e1s sobre algunos de nuestros M\u00e9dicos de Indemnizaci\u00f3n por Accidentes de Trabajo en Atlanta! Estamos orgullosos de ofrecerte la mejor atenci\u00f3n m\u00e9dica en Atlanta.","breadcrumb":{"@id":"https:\/\/aica.com\/es\/medicos-de-accidentes-de-trabajo\/#breadcrumb"},"inLanguage":"es","potentialAction":[{"@type":"ReadAction","target":["https:\/\/aica.com\/es\/medicos-de-accidentes-de-trabajo\/"]}]},{"@type":"BreadcrumbList","@id":"https:\/\/aica.com\/es\/medicos-de-accidentes-de-trabajo\/#breadcrumb","itemListElement":[{"@type":"ListItem","position":1,"name":"Inicio","item":"https:\/\/aica.com\/es\/homepage\/"},{"@type":"ListItem","position":2,"name":"M\u00e9dicos de accidentes de trabajo"}]},{"@type":"WebSite","@id":"https:\/\/aica.com\/es\/#website","url":"https:\/\/aica.com\/es\/","name":"AICA Orthopedics","description":"","potentialAction":[{"@type":"SearchAction","target":{"@type":"EntryPoint","urlTemplate":"https:\/\/aica.com\/es\/?s={search_term_string}"},"query-input":{"@type":"PropertyValueSpecification","valueRequired":true,"valueName":"search_term_string"}}],"inLanguage":"es"}]}},"_links":{"self":[{"href":"https:\/\/aica.com\/es\/wp-json\/wp\/v2\/pages\/9422","targetHints":{"allow":["GET"]}}],"collection":[{"href":"https:\/\/aica.com\/es\/wp-json\/wp\/v2\/pages"}],"about":[{"href":"https:\/\/aica.com\/es\/wp-json\/wp\/v2\/types\/page"}],"author":[{"embeddable":true,"href":"https:\/\/aica.com\/es\/wp-json\/wp\/v2\/users\/20"}],"replies":[{"embeddable":true,"href":"https:\/\/aica.com\/es\/wp-json\/wp\/v2\/comments?post=9422"}],"version-history":[{"count":0,"href":"https:\/\/aica.com\/es\/wp-json\/wp\/v2\/pages\/9422\/revisions"}],"wp:attachment":[{"href":"https:\/\/aica.com\/es\/wp-json\/wp\/v2\/media?parent=9422"}],"curies":[{"name":"wp","href":"https:\/\/api.w.org\/{rel}","templated":true}]}}