{"id":9413,"date":"2019-12-03T06:36:10","date_gmt":"2019-12-03T06:36:10","guid":{"rendered":"https:\/\/aica.com\/chatea-con-nosotros-24-7\/"},"modified":"2025-04-02T11:38:28","modified_gmt":"2025-04-02T11:38:28","slug":"chatea-con-nosotros-24-7","status":"publish","type":"page","link":"https:\/\/aica.com\/es\/chatea-con-nosotros-24-7\/","title":{"rendered":"Chatea con nosotros 24\/7"},"content":{"rendered":"","protected":false},"excerpt":{"rendered":"","protected":false},"author":9,"featured_media":6608,"parent":0,"menu_order":91,"comment_status":"closed","ping_status":"closed","template":"templates\/flexible-sections.php","meta":{"_acf_changed":false,"inline_featured_image":false,"footnotes":""},"class_list":["post-9413","page","type-page","status-publish","has-post-thumbnail","hentry"],"acf":[],"yoast_head":"<!-- This site is optimized with the Yoast SEO plugin v27.5 - https:\/\/yoast.com\/product\/yoast-seo-wordpress\/ -->\n<title>Ayuda por chat sobre lesiones por accidente abierta - Ortopedia AICA est\u00e1 abierta 24 horas al d\u00eda, 7 d\u00edas a la semana<\/title>\n<meta name=\"description\" content=\"\u00bfTe has lesionado o tienes preguntas para nuestros m\u00e9dicos ortop\u00e9dicos de AICA? Chatea con nosotros ahora ya que estamos abiertos 24 horas al d\u00eda, 7 d\u00edas a la semana para ti.\" \/>\n<meta name=\"robots\" content=\"index, follow, max-snippet:-1, max-image-preview:large, max-video-preview:-1\" \/>\n<link rel=\"canonical\" href=\"https:\/\/aica.com\/es\/chatea-con-nosotros-24-7\/\" \/>\n<meta property=\"og:locale\" content=\"es_ES\" \/>\n<meta property=\"og:type\" content=\"article\" \/>\n<meta property=\"og:title\" content=\"Ayuda por chat sobre lesiones por accidente abierta - Ortopedia AICA est\u00e1 abierta 24 horas al d\u00eda, 7 d\u00edas a la semana\" \/>\n<meta property=\"og:description\" content=\"\u00bfTe has lesionado o tienes preguntas para nuestros m\u00e9dicos ortop\u00e9dicos de AICA? Chatea con nosotros ahora ya que estamos abiertos 24 horas al d\u00eda, 7 d\u00edas a la semana para ti.\" \/>\n<meta property=\"og:url\" content=\"https:\/\/aica.com\/es\/chatea-con-nosotros-24-7\/\" \/>\n<meta property=\"og:site_name\" content=\"AICA Orthopedics\" \/>\n<meta property=\"article:modified_time\" content=\"2025-04-02T11:38:28+00:00\" \/>\n<meta property=\"og:image\" content=\"https:\/\/aica.com\/wp-content\/uploads\/2024\/09\/chat-247.jpg\" \/>\n\t<meta property=\"og:image:width\" content=\"244\" \/>\n\t<meta property=\"og:image:height\" content=\"195\" \/>\n\t<meta property=\"og:image:type\" content=\"image\/jpeg\" \/>\n<meta name=\"twitter:card\" content=\"summary_large_image\" \/>\n<script type=\"application\/ld+json\" class=\"yoast-schema-graph\">{\"@context\":\"https:\\\/\\\/schema.org\",\"@graph\":[{\"@type\":\"WebPage\",\"@id\":\"https:\\\/\\\/aica.com\\\/es\\\/chatea-con-nosotros-24-7\\\/\",\"url\":\"https:\\\/\\\/aica.com\\\/es\\\/chatea-con-nosotros-24-7\\\/\",\"name\":\"Ayuda por chat sobre lesiones por accidente abierta - Ortopedia AICA est\u00e1 abierta 24 horas al d\u00eda, 7 d\u00edas a la semana\",\"isPartOf\":{\"@id\":\"https:\\\/\\\/aica.com\\\/es\\\/#website\"},\"primaryImageOfPage\":{\"@id\":\"https:\\\/\\\/aica.com\\\/es\\\/chatea-con-nosotros-24-7\\\/#primaryimage\"},\"image\":{\"@id\":\"https:\\\/\\\/aica.com\\\/es\\\/chatea-con-nosotros-24-7\\\/#primaryimage\"},\"thumbnailUrl\":\"https:\\\/\\\/aica.com\\\/wp-content\\\/uploads\\\/2024\\\/09\\\/chat-247.jpg\",\"datePublished\":\"2019-12-03T06:36:10+00:00\",\"dateModified\":\"2025-04-02T11:38:28+00:00\",\"description\":\"\u00bfTe has lesionado o tienes preguntas para nuestros m\u00e9dicos ortop\u00e9dicos de AICA? Chatea con nosotros ahora ya que estamos abiertos 24 horas al d\u00eda, 7 d\u00edas a la semana para ti.\",\"breadcrumb\":{\"@id\":\"https:\\\/\\\/aica.com\\\/es\\\/chatea-con-nosotros-24-7\\\/#breadcrumb\"},\"inLanguage\":\"es\",\"potentialAction\":[{\"@type\":\"ReadAction\",\"target\":[\"https:\\\/\\\/aica.com\\\/es\\\/chatea-con-nosotros-24-7\\\/\"]}]},{\"@type\":\"ImageObject\",\"inLanguage\":\"es\",\"@id\":\"https:\\\/\\\/aica.com\\\/es\\\/chatea-con-nosotros-24-7\\\/#primaryimage\",\"url\":\"https:\\\/\\\/aica.com\\\/wp-content\\\/uploads\\\/2024\\\/09\\\/chat-247.jpg\",\"contentUrl\":\"https:\\\/\\\/aica.com\\\/wp-content\\\/uploads\\\/2024\\\/09\\\/chat-247.jpg\",\"width\":244,\"height\":195},{\"@type\":\"BreadcrumbList\",\"@id\":\"https:\\\/\\\/aica.com\\\/es\\\/chatea-con-nosotros-24-7\\\/#breadcrumb\",\"itemListElement\":[{\"@type\":\"ListItem\",\"position\":1,\"name\":\"Inicio\",\"item\":\"https:\\\/\\\/aica.com\\\/es\\\/homepage\\\/\"},{\"@type\":\"ListItem\",\"position\":2,\"name\":\"Chatea con nosotros 24\\\/7\"}]},{\"@type\":\"WebSite\",\"@id\":\"https:\\\/\\\/aica.com\\\/es\\\/#website\",\"url\":\"https:\\\/\\\/aica.com\\\/es\\\/\",\"name\":\"AICA Orthopedics\",\"description\":\"\",\"potentialAction\":[{\"@type\":\"SearchAction\",\"target\":{\"@type\":\"EntryPoint\",\"urlTemplate\":\"https:\\\/\\\/aica.com\\\/es\\\/?s={search_term_string}\"},\"query-input\":{\"@type\":\"PropertyValueSpecification\",\"valueRequired\":true,\"valueName\":\"search_term_string\"}}],\"inLanguage\":\"es\"}]}<\/script>\n<!-- \/ Yoast SEO plugin. -->","yoast_head_json":{"title":"Ayuda por chat sobre lesiones por accidente abierta - Ortopedia AICA est\u00e1 abierta 24 horas al d\u00eda, 7 d\u00edas a la semana","description":"\u00bfTe has lesionado o tienes preguntas para nuestros m\u00e9dicos ortop\u00e9dicos de AICA? Chatea con nosotros ahora ya que estamos abiertos 24 horas al d\u00eda, 7 d\u00edas a la semana para ti.","robots":{"index":"index","follow":"follow","max-snippet":"max-snippet:-1","max-image-preview":"max-image-preview:large","max-video-preview":"max-video-preview:-1"},"canonical":"https:\/\/aica.com\/es\/chatea-con-nosotros-24-7\/","og_locale":"es_ES","og_type":"article","og_title":"Ayuda por chat sobre lesiones por accidente abierta - Ortopedia AICA est\u00e1 abierta 24 horas al d\u00eda, 7 d\u00edas a la semana","og_description":"\u00bfTe has lesionado o tienes preguntas para nuestros m\u00e9dicos ortop\u00e9dicos de AICA? Chatea con nosotros ahora ya que estamos abiertos 24 horas al d\u00eda, 7 d\u00edas a la semana para ti.","og_url":"https:\/\/aica.com\/es\/chatea-con-nosotros-24-7\/","og_site_name":"AICA Orthopedics","article_modified_time":"2025-04-02T11:38:28+00:00","og_image":[{"width":244,"height":195,"url":"https:\/\/aica.com\/wp-content\/uploads\/2024\/09\/chat-247.jpg","type":"image\/jpeg"}],"twitter_card":"summary_large_image","schema":{"@context":"https:\/\/schema.org","@graph":[{"@type":"WebPage","@id":"https:\/\/aica.com\/es\/chatea-con-nosotros-24-7\/","url":"https:\/\/aica.com\/es\/chatea-con-nosotros-24-7\/","name":"Ayuda por chat sobre lesiones por accidente abierta - Ortopedia AICA est\u00e1 abierta 24 horas al d\u00eda, 7 d\u00edas a la semana","isPartOf":{"@id":"https:\/\/aica.com\/es\/#website"},"primaryImageOfPage":{"@id":"https:\/\/aica.com\/es\/chatea-con-nosotros-24-7\/#primaryimage"},"image":{"@id":"https:\/\/aica.com\/es\/chatea-con-nosotros-24-7\/#primaryimage"},"thumbnailUrl":"https:\/\/aica.com\/wp-content\/uploads\/2024\/09\/chat-247.jpg","datePublished":"2019-12-03T06:36:10+00:00","dateModified":"2025-04-02T11:38:28+00:00","description":"\u00bfTe has lesionado o tienes preguntas para nuestros m\u00e9dicos ortop\u00e9dicos de AICA? Chatea con nosotros ahora ya que estamos abiertos 24 horas al d\u00eda, 7 d\u00edas a la semana para ti.","breadcrumb":{"@id":"https:\/\/aica.com\/es\/chatea-con-nosotros-24-7\/#breadcrumb"},"inLanguage":"es","potentialAction":[{"@type":"ReadAction","target":["https:\/\/aica.com\/es\/chatea-con-nosotros-24-7\/"]}]},{"@type":"ImageObject","inLanguage":"es","@id":"https:\/\/aica.com\/es\/chatea-con-nosotros-24-7\/#primaryimage","url":"https:\/\/aica.com\/wp-content\/uploads\/2024\/09\/chat-247.jpg","contentUrl":"https:\/\/aica.com\/wp-content\/uploads\/2024\/09\/chat-247.jpg","width":244,"height":195},{"@type":"BreadcrumbList","@id":"https:\/\/aica.com\/es\/chatea-con-nosotros-24-7\/#breadcrumb","itemListElement":[{"@type":"ListItem","position":1,"name":"Inicio","item":"https:\/\/aica.com\/es\/homepage\/"},{"@type":"ListItem","position":2,"name":"Chatea con nosotros 24\/7"}]},{"@type":"WebSite","@id":"https:\/\/aica.com\/es\/#website","url":"https:\/\/aica.com\/es\/","name":"AICA Orthopedics","description":"","potentialAction":[{"@type":"SearchAction","target":{"@type":"EntryPoint","urlTemplate":"https:\/\/aica.com\/es\/?s={search_term_string}"},"query-input":{"@type":"PropertyValueSpecification","valueRequired":true,"valueName":"search_term_string"}}],"inLanguage":"es"}]}},"_links":{"self":[{"href":"https:\/\/aica.com\/es\/wp-json\/wp\/v2\/pages\/9413","targetHints":{"allow":["GET"]}}],"collection":[{"href":"https:\/\/aica.com\/es\/wp-json\/wp\/v2\/pages"}],"about":[{"href":"https:\/\/aica.com\/es\/wp-json\/wp\/v2\/types\/page"}],"author":[{"embeddable":true,"href":"https:\/\/aica.com\/es\/wp-json\/wp\/v2\/users\/9"}],"replies":[{"embeddable":true,"href":"https:\/\/aica.com\/es\/wp-json\/wp\/v2\/comments?post=9413"}],"version-history":[{"count":0,"href":"https:\/\/aica.com\/es\/wp-json\/wp\/v2\/pages\/9413\/revisions"}],"wp:featuredmedia":[{"embeddable":true,"href":"https:\/\/aica.com\/es\/wp-json\/wp\/v2\/media\/6608"}],"wp:attachment":[{"href":"https:\/\/aica.com\/es\/wp-json\/wp\/v2\/media?parent=9413"}],"curies":[{"name":"wp","href":"https:\/\/api.w.org\/{rel}","templated":true}]}}