{"id":8485,"date":"2019-01-11T12:56:07","date_gmt":"2019-01-11T12:56:07","guid":{"rendered":"https:\/\/aica.com\/tratamos\/"},"modified":"2025-11-17T18:10:47","modified_gmt":"2025-11-17T18:10:47","slug":"tratamos","status":"publish","type":"page","link":"https:\/\/aica.com\/es\/tratamos\/","title":{"rendered":"Nosotros tratamos"},"content":{"rendered":"","protected":false},"excerpt":{"rendered":"","protected":false},"author":6,"featured_media":6808,"parent":0,"menu_order":124,"comment_status":"closed","ping_status":"closed","template":"templates\/flexible-sections.php","meta":{"_acf_changed":false,"inline_featured_image":false,"footnotes":""},"class_list":["post-8485","page","type-page","status-publish","has-post-thumbnail","hentry"],"acf":[],"yoast_head":"<!-- This site is optimized with the Yoast SEO plugin v27.3 - https:\/\/yoast.com\/product\/yoast-seo-wordpress\/ -->\n<title>Las Cl\u00ednicas Ortop\u00e9dicas de Atlanta ofrecen tratamientos especializados | AICA<\/title>\n<meta name=\"description\" content=\"Las Cl\u00ednicas Ortop\u00e9dicas Del \u00c1rea De Atlanta Ofrecen Tratamientos A Las V\u00edctimas De Accidentes. Descubre M\u00e1s Sobre Nuestro Tratamiento Especializado. S\u00ed, Abrimos Los Fines De Semana.\" \/>\n<meta name=\"robots\" content=\"index, follow, max-snippet:-1, max-image-preview:large, max-video-preview:-1\" \/>\n<link rel=\"canonical\" href=\"https:\/\/aica.com\/es\/tratamos\/\" \/>\n<meta property=\"og:locale\" content=\"es_ES\" \/>\n<meta property=\"og:type\" content=\"article\" \/>\n<meta property=\"og:title\" content=\"Las Cl\u00ednicas Ortop\u00e9dicas de Atlanta ofrecen tratamientos especializados | AICA\" \/>\n<meta property=\"og:description\" content=\"Las Cl\u00ednicas Ortop\u00e9dicas Del \u00c1rea De Atlanta Ofrecen Tratamientos A Las V\u00edctimas De Accidentes. Descubre M\u00e1s Sobre Nuestro Tratamiento Especializado. S\u00ed, Abrimos Los Fines De Semana.\" \/>\n<meta property=\"og:url\" content=\"https:\/\/aica.com\/es\/tratamos\/\" \/>\n<meta property=\"og:site_name\" content=\"AICA Orthopedics\" \/>\n<meta property=\"article:modified_time\" content=\"2025-11-17T18:10:47+00:00\" \/>\n<meta property=\"og:image\" content=\"https:\/\/aica.com\/wp-content\/uploads\/2024\/09\/we-treat.jpg\" \/>\n\t<meta property=\"og:image:width\" content=\"1024\" \/>\n\t<meta property=\"og:image:height\" content=\"683\" \/>\n\t<meta property=\"og:image:type\" content=\"image\/jpeg\" \/>\n<meta name=\"twitter:card\" content=\"summary_large_image\" \/>\n<meta name=\"twitter:label1\" content=\"Tiempo de lectura\" \/>\n\t<meta name=\"twitter:data1\" content=\"1 minuto\" \/>\n<script type=\"application\/ld+json\" class=\"yoast-schema-graph\">{\"@context\":\"https:\\\/\\\/schema.org\",\"@graph\":[{\"@type\":\"WebPage\",\"@id\":\"https:\\\/\\\/aica.com\\\/es\\\/tratamos\\\/\",\"url\":\"https:\\\/\\\/aica.com\\\/es\\\/tratamos\\\/\",\"name\":\"Las Cl\u00ednicas Ortop\u00e9dicas de Atlanta ofrecen tratamientos especializados | AICA\",\"isPartOf\":{\"@id\":\"https:\\\/\\\/aica.com\\\/es\\\/#website\"},\"primaryImageOfPage\":{\"@id\":\"https:\\\/\\\/aica.com\\\/es\\\/tratamos\\\/#primaryimage\"},\"image\":{\"@id\":\"https:\\\/\\\/aica.com\\\/es\\\/tratamos\\\/#primaryimage\"},\"thumbnailUrl\":\"https:\\\/\\\/aica.com\\\/wp-content\\\/uploads\\\/2024\\\/09\\\/we-treat.jpg\",\"datePublished\":\"2019-01-11T12:56:07+00:00\",\"dateModified\":\"2025-11-17T18:10:47+00:00\",\"description\":\"Las Cl\u00ednicas Ortop\u00e9dicas Del \u00c1rea De Atlanta Ofrecen Tratamientos A Las V\u00edctimas De Accidentes. Descubre M\u00e1s Sobre Nuestro Tratamiento Especializado. S\u00ed, Abrimos Los Fines De Semana.\",\"breadcrumb\":{\"@id\":\"https:\\\/\\\/aica.com\\\/es\\\/tratamos\\\/#breadcrumb\"},\"inLanguage\":\"es\",\"potentialAction\":[{\"@type\":\"ReadAction\",\"target\":[\"https:\\\/\\\/aica.com\\\/es\\\/tratamos\\\/\"]}]},{\"@type\":\"ImageObject\",\"inLanguage\":\"es\",\"@id\":\"https:\\\/\\\/aica.com\\\/es\\\/tratamos\\\/#primaryimage\",\"url\":\"https:\\\/\\\/aica.com\\\/wp-content\\\/uploads\\\/2024\\\/09\\\/we-treat.jpg\",\"contentUrl\":\"https:\\\/\\\/aica.com\\\/wp-content\\\/uploads\\\/2024\\\/09\\\/we-treat.jpg\",\"width\":1024,\"height\":683},{\"@type\":\"BreadcrumbList\",\"@id\":\"https:\\\/\\\/aica.com\\\/es\\\/tratamos\\\/#breadcrumb\",\"itemListElement\":[{\"@type\":\"ListItem\",\"position\":1,\"name\":\"Inicio\",\"item\":\"https:\\\/\\\/aica.com\\\/es\\\/homepage\\\/\"},{\"@type\":\"ListItem\",\"position\":2,\"name\":\"Nosotros tratamos\"}]},{\"@type\":\"WebSite\",\"@id\":\"https:\\\/\\\/aica.com\\\/es\\\/#website\",\"url\":\"https:\\\/\\\/aica.com\\\/es\\\/\",\"name\":\"AICA Orthopedics\",\"description\":\"\",\"potentialAction\":[{\"@type\":\"SearchAction\",\"target\":{\"@type\":\"EntryPoint\",\"urlTemplate\":\"https:\\\/\\\/aica.com\\\/es\\\/?s={search_term_string}\"},\"query-input\":{\"@type\":\"PropertyValueSpecification\",\"valueRequired\":true,\"valueName\":\"search_term_string\"}}],\"inLanguage\":\"es\"}]}<\/script>\n<!-- \/ Yoast SEO plugin. -->","yoast_head_json":{"title":"Las Cl\u00ednicas Ortop\u00e9dicas de Atlanta ofrecen tratamientos especializados | AICA","description":"Las Cl\u00ednicas Ortop\u00e9dicas Del \u00c1rea De Atlanta Ofrecen Tratamientos A Las V\u00edctimas De Accidentes. Descubre M\u00e1s Sobre Nuestro Tratamiento Especializado. S\u00ed, Abrimos Los Fines De Semana.","robots":{"index":"index","follow":"follow","max-snippet":"max-snippet:-1","max-image-preview":"max-image-preview:large","max-video-preview":"max-video-preview:-1"},"canonical":"https:\/\/aica.com\/es\/tratamos\/","og_locale":"es_ES","og_type":"article","og_title":"Las Cl\u00ednicas Ortop\u00e9dicas de Atlanta ofrecen tratamientos especializados | AICA","og_description":"Las Cl\u00ednicas Ortop\u00e9dicas Del \u00c1rea De Atlanta Ofrecen Tratamientos A Las V\u00edctimas De Accidentes. Descubre M\u00e1s Sobre Nuestro Tratamiento Especializado. S\u00ed, Abrimos Los Fines De Semana.","og_url":"https:\/\/aica.com\/es\/tratamos\/","og_site_name":"AICA Orthopedics","article_modified_time":"2025-11-17T18:10:47+00:00","og_image":[{"width":1024,"height":683,"url":"https:\/\/aica.com\/wp-content\/uploads\/2024\/09\/we-treat.jpg","type":"image\/jpeg"}],"twitter_card":"summary_large_image","twitter_misc":{"Tiempo de lectura":"1 minuto"},"schema":{"@context":"https:\/\/schema.org","@graph":[{"@type":"WebPage","@id":"https:\/\/aica.com\/es\/tratamos\/","url":"https:\/\/aica.com\/es\/tratamos\/","name":"Las Cl\u00ednicas Ortop\u00e9dicas de Atlanta ofrecen tratamientos especializados | AICA","isPartOf":{"@id":"https:\/\/aica.com\/es\/#website"},"primaryImageOfPage":{"@id":"https:\/\/aica.com\/es\/tratamos\/#primaryimage"},"image":{"@id":"https:\/\/aica.com\/es\/tratamos\/#primaryimage"},"thumbnailUrl":"https:\/\/aica.com\/wp-content\/uploads\/2024\/09\/we-treat.jpg","datePublished":"2019-01-11T12:56:07+00:00","dateModified":"2025-11-17T18:10:47+00:00","description":"Las Cl\u00ednicas Ortop\u00e9dicas Del \u00c1rea De Atlanta Ofrecen Tratamientos A Las V\u00edctimas De Accidentes. Descubre M\u00e1s Sobre Nuestro Tratamiento Especializado. S\u00ed, Abrimos Los Fines De Semana.","breadcrumb":{"@id":"https:\/\/aica.com\/es\/tratamos\/#breadcrumb"},"inLanguage":"es","potentialAction":[{"@type":"ReadAction","target":["https:\/\/aica.com\/es\/tratamos\/"]}]},{"@type":"ImageObject","inLanguage":"es","@id":"https:\/\/aica.com\/es\/tratamos\/#primaryimage","url":"https:\/\/aica.com\/wp-content\/uploads\/2024\/09\/we-treat.jpg","contentUrl":"https:\/\/aica.com\/wp-content\/uploads\/2024\/09\/we-treat.jpg","width":1024,"height":683},{"@type":"BreadcrumbList","@id":"https:\/\/aica.com\/es\/tratamos\/#breadcrumb","itemListElement":[{"@type":"ListItem","position":1,"name":"Inicio","item":"https:\/\/aica.com\/es\/homepage\/"},{"@type":"ListItem","position":2,"name":"Nosotros tratamos"}]},{"@type":"WebSite","@id":"https:\/\/aica.com\/es\/#website","url":"https:\/\/aica.com\/es\/","name":"AICA Orthopedics","description":"","potentialAction":[{"@type":"SearchAction","target":{"@type":"EntryPoint","urlTemplate":"https:\/\/aica.com\/es\/?s={search_term_string}"},"query-input":{"@type":"PropertyValueSpecification","valueRequired":true,"valueName":"search_term_string"}}],"inLanguage":"es"}]}},"_links":{"self":[{"href":"https:\/\/aica.com\/es\/wp-json\/wp\/v2\/pages\/8485","targetHints":{"allow":["GET"]}}],"collection":[{"href":"https:\/\/aica.com\/es\/wp-json\/wp\/v2\/pages"}],"about":[{"href":"https:\/\/aica.com\/es\/wp-json\/wp\/v2\/types\/page"}],"author":[{"embeddable":true,"href":"https:\/\/aica.com\/es\/wp-json\/wp\/v2\/users\/6"}],"replies":[{"embeddable":true,"href":"https:\/\/aica.com\/es\/wp-json\/wp\/v2\/comments?post=8485"}],"version-history":[{"count":0,"href":"https:\/\/aica.com\/es\/wp-json\/wp\/v2\/pages\/8485\/revisions"}],"wp:featuredmedia":[{"embeddable":true,"href":"https:\/\/aica.com\/es\/wp-json\/wp\/v2\/media\/6808"}],"wp:attachment":[{"href":"https:\/\/aica.com\/es\/wp-json\/wp\/v2\/media?parent=8485"}],"curies":[{"name":"wp","href":"https:\/\/api.w.org\/{rel}","templated":true}]}}